{"id":4,"date":"2023-02-10T13:25:04","date_gmt":"2023-02-10T12:25:04","guid":{"rendered":"http:\/\/dev.reichelfoto.com\/?page_id=4"},"modified":"2024-09-25T12:41:14","modified_gmt":"2024-09-25T10:41:14","slug":"index","status":"publish","type":"page","link":"https:\/\/www.reichelfotografie.de\/en\/","title":{"rendered":"Home"},"content":{"rendered":"\n<figure class=\"wp-block-gallery has-nested-images columns-default is-cropped masonry wp-block-gallery-1 is-layout-flex wp-block-gallery-is-layout-flex\">\n<figure class=\"wp-block-image size-large square\"><a href=\"https:\/\/www.reichelfotografie.de\/en\/wp-content\/uploads\/sites\/3\/IMG_0066_final_17-Kopie.jpg\"><img loading=\"lazy\" decoding=\"async\" width=\"1520\" height=\"1800\" data-id=\"176\" src=\"https:\/\/www.reichelfotografie.de\/en\/wp-content\/uploads\/sites\/3\/IMG_0066_final_17-Kopie-1520x1800.jpg\" alt=\"Japan Tower Frankfurt on the Main \nJ\u00fcrgen Reichel Architectural Photography Architecture Photographer J\u00fcrgen Reichel\n\" class=\"wp-image-176\" srcset=\"https:\/\/www.reichelfotografie.de\/en\/wp-content\/uploads\/sites\/3\/IMG_0066_final_17-Kopie-1520x1800.jpg 1520w, https:\/\/www.reichelfotografie.de\/en\/wp-content\/uploads\/sites\/3\/IMG_0066_final_17-Kopie-253x300.jpg 253w, https:\/\/www.reichelfotografie.de\/en\/wp-content\/uploads\/sites\/3\/IMG_0066_final_17-Kopie-768x910.jpg 768w, https:\/\/www.reichelfotografie.de\/en\/wp-content\/uploads\/sites\/3\/IMG_0066_final_17-Kopie-1297x1536.jpg 1297w, https:\/\/www.reichelfotografie.de\/en\/wp-content\/uploads\/sites\/3\/IMG_0066_final_17-Kopie.jpg 1621w\" sizes=\"auto, (max-width: 1520px) 100vw, 1520px\" \/><\/a><figcaption class=\"wp-element-caption\">Japan Tower\n[Frankfurt]\n<\/figcaption><\/figure>\n\n\n\n<figure class=\"wp-block-image size-medium\"><a href=\"https:\/\/www.reichelfotografie.de\/en\/wp-content\/uploads\/sites\/3\/13_Omniturm_Frankfurt.jpg\"><img loading=\"lazy\" decoding=\"async\" width=\"300\" height=\"200\" data-id=\"55\" src=\"https:\/\/www.reichelfotografie.de\/en\/wp-content\/uploads\/sites\/3\/13_Omniturm_Frankfurt-300x200.jpg\" alt=\"Omni Tower Frankfurt on the Main \nJ\u00fcrgen Reichel Architectural Photography Architecture Photographer J\u00fcrgen Reichel\n\" class=\"wp-image-55\" srcset=\"https:\/\/www.reichelfotografie.de\/en\/wp-content\/uploads\/sites\/3\/13_Omniturm_Frankfurt-300x200.jpg 300w, https:\/\/www.reichelfotografie.de\/en\/wp-content\/uploads\/sites\/3\/13_Omniturm_Frankfurt-1800x1200.jpg 1800w, https:\/\/www.reichelfotografie.de\/en\/wp-content\/uploads\/sites\/3\/13_Omniturm_Frankfurt-768x512.jpg 768w, https:\/\/www.reichelfotografie.de\/en\/wp-content\/uploads\/sites\/3\/13_Omniturm_Frankfurt-1536x1024.jpg 1536w, https:\/\/www.reichelfotografie.de\/en\/wp-content\/uploads\/sites\/3\/13_Omniturm_Frankfurt.jpg 1920w\" sizes=\"auto, (max-width: 300px) 100vw, 300px\" \/><\/a><figcaption class=\"wp-element-caption\">Omni Tower\n[Frankfurt]\n<\/figcaption><\/figure>\n\n\n\n<figure class=\"wp-block-image size-medium\"><a href=\"https:\/\/www.reichelfotografie.de\/en\/wp-content\/uploads\/sites\/3\/MG_4682_final_05_Web.jpg\"><img loading=\"lazy\" decoding=\"async\" width=\"300\" height=\"278\" data-id=\"157\" src=\"https:\/\/www.reichelfotografie.de\/en\/wp-content\/uploads\/sites\/3\/MG_4682_final_05_Web-300x278.jpg\" alt=\"Skyline Plaza Frankfurt on the Main \nJ\u00fcrgen Reichel Architectural Photography Architecture Photographer J\u00fcrgen Reichel\" class=\"wp-image-157\" srcset=\"https:\/\/www.reichelfotografie.de\/en\/wp-content\/uploads\/sites\/3\/MG_4682_final_05_Web-300x278.jpg 300w, https:\/\/www.reichelfotografie.de\/en\/wp-content\/uploads\/sites\/3\/MG_4682_final_05_Web-1800x1667.jpg 1800w, https:\/\/www.reichelfotografie.de\/en\/wp-content\/uploads\/sites\/3\/MG_4682_final_05_Web-768x711.jpg 768w, https:\/\/www.reichelfotografie.de\/en\/wp-content\/uploads\/sites\/3\/MG_4682_final_05_Web-1536x1422.jpg 1536w, https:\/\/www.reichelfotografie.de\/en\/wp-content\/uploads\/sites\/3\/MG_4682_final_05_Web.jpg 1920w\" sizes=\"auto, (max-width: 300px) 100vw, 300px\" \/><\/a><figcaption class=\"wp-element-caption\">Skyline Plaza\n[Frankfurt]\n<\/figcaption><\/figure>\n\n\n\n<figure class=\"wp-block-image size-large wide\"><a href=\"https:\/\/www.reichelfotografie.de\/en\/wp-content\/uploads\/sites\/3\/Lyon_Musee_de_Confluence.jpg\"><img loading=\"lazy\" decoding=\"async\" width=\"1800\" height=\"1200\" data-id=\"140\" src=\"https:\/\/www.reichelfotografie.de\/en\/wp-content\/uploads\/sites\/3\/Lyon_Musee_de_Confluence-1800x1200.jpg\" alt=\"Mus\u00e9e de Confluences Lyon\nJ\u00fcrgen Reichel Architectural Photography Architecture Photographer J\u00fcrgen Reichel\" class=\"wp-image-140\" srcset=\"https:\/\/www.reichelfotografie.de\/en\/wp-content\/uploads\/sites\/3\/Lyon_Musee_de_Confluence-1800x1200.jpg 1800w, https:\/\/www.reichelfotografie.de\/en\/wp-content\/uploads\/sites\/3\/Lyon_Musee_de_Confluence-300x200.jpg 300w, https:\/\/www.reichelfotografie.de\/en\/wp-content\/uploads\/sites\/3\/Lyon_Musee_de_Confluence-768x512.jpg 768w, https:\/\/www.reichelfotografie.de\/en\/wp-content\/uploads\/sites\/3\/Lyon_Musee_de_Confluence-1536x1024.jpg 1536w, https:\/\/www.reichelfotografie.de\/en\/wp-content\/uploads\/sites\/3\/Lyon_Musee_de_Confluence.jpg 1920w\" sizes=\"auto, (max-width: 1800px) 100vw, 1800px\" \/><\/a><figcaption class=\"wp-element-caption\">Mus\u00e9e de Confluences\n[Lyon]\n<\/figcaption><\/figure>\n\n\n\n<figure class=\"wp-block-image size-medium\"><a href=\"https:\/\/www.reichelfotografie.de\/en\/wp-content\/uploads\/sites\/3\/IMG_3323_final_01-Kopie.jpg\"><img loading=\"lazy\" decoding=\"async\" width=\"300\" height=\"200\" data-id=\"178\" src=\"https:\/\/www.reichelfotografie.de\/en\/wp-content\/uploads\/sites\/3\/IMG_3323_final_01-Kopie-300x200.jpg\" alt=\"Long Exposure Skyline Frankfurt on the Main \nJ\u00fcrgen Reichel Architectural Photography Architecture Photographer J\u00fcrgen Reichel\" class=\"wp-image-178\" srcset=\"https:\/\/www.reichelfotografie.de\/en\/wp-content\/uploads\/sites\/3\/IMG_3323_final_01-Kopie-300x200.jpg 300w, https:\/\/www.reichelfotografie.de\/en\/wp-content\/uploads\/sites\/3\/IMG_3323_final_01-Kopie-1800x1200.jpg 1800w, https:\/\/www.reichelfotografie.de\/en\/wp-content\/uploads\/sites\/3\/IMG_3323_final_01-Kopie-768x512.jpg 768w, https:\/\/www.reichelfotografie.de\/en\/wp-content\/uploads\/sites\/3\/IMG_3323_final_01-Kopie-1536x1024.jpg 1536w, https:\/\/www.reichelfotografie.de\/en\/wp-content\/uploads\/sites\/3\/IMG_3323_final_01-Kopie.jpg 1920w\" sizes=\"auto, (max-width: 300px) 100vw, 300px\" \/><\/a><figcaption class=\"wp-element-caption\">Long Exposure Skyline\n[Frankfurt]\n<\/figcaption><\/figure>\n\n\n\n<figure class=\"wp-block-image size-large square\"><a href=\"https:\/\/www.reichelfotografie.de\/en\/wp-content\/uploads\/sites\/3\/LD_Grand_Arche_Looup_01.jpg\"><img loading=\"lazy\" decoding=\"async\" width=\"1800\" height=\"1200\" data-id=\"136\" src=\"https:\/\/www.reichelfotografie.de\/en\/wp-content\/uploads\/sites\/3\/LD_Grand_Arche_Looup_01-1800x1200.jpg\" alt=\"Grand Arche Paris La Defense \nJ\u00fcrgen Reichel Architectural Photography Architecture Photographer J\u00fcrgen Reichel\" class=\"wp-image-136\" srcset=\"https:\/\/www.reichelfotografie.de\/en\/wp-content\/uploads\/sites\/3\/LD_Grand_Arche_Looup_01-1800x1200.jpg 1800w, https:\/\/www.reichelfotografie.de\/en\/wp-content\/uploads\/sites\/3\/LD_Grand_Arche_Looup_01-300x200.jpg 300w, https:\/\/www.reichelfotografie.de\/en\/wp-content\/uploads\/sites\/3\/LD_Grand_Arche_Looup_01-768x512.jpg 768w, https:\/\/www.reichelfotografie.de\/en\/wp-content\/uploads\/sites\/3\/LD_Grand_Arche_Looup_01-1536x1024.jpg 1536w, https:\/\/www.reichelfotografie.de\/en\/wp-content\/uploads\/sites\/3\/LD_Grand_Arche_Looup_01.jpg 1920w\" sizes=\"auto, (max-width: 1800px) 100vw, 1800px\" \/><\/a><figcaption class=\"wp-element-caption\">Grand Arche\n[Paris | La Defense]\n<\/figcaption><\/figure>\n\n\n\n<figure class=\"wp-block-image size-medium\"><a href=\"https:\/\/www.reichelfotografie.de\/en\/wp-content\/uploads\/sites\/3\/Paris_La_Samaritaine.jpg\"><img loading=\"lazy\" decoding=\"async\" width=\"300\" height=\"300\" data-id=\"143\" src=\"https:\/\/www.reichelfotografie.de\/en\/wp-content\/uploads\/sites\/3\/Paris_La_Samaritaine-300x300.jpg\" alt=\"La Samaritaine J\u00fcrgen Reichel Architectural Photography Architecture Photographer J\u00fcrgen Reichel\" class=\"wp-image-143\" srcset=\"https:\/\/www.reichelfotografie.de\/en\/wp-content\/uploads\/sites\/3\/Paris_La_Samaritaine-300x300.jpg 300w, https:\/\/www.reichelfotografie.de\/en\/wp-content\/uploads\/sites\/3\/Paris_La_Samaritaine-150x150.jpg 150w, https:\/\/www.reichelfotografie.de\/en\/wp-content\/uploads\/sites\/3\/Paris_La_Samaritaine-768x768.jpg 768w, https:\/\/www.reichelfotografie.de\/en\/wp-content\/uploads\/sites\/3\/Paris_La_Samaritaine.jpg 1280w\" sizes=\"auto, (max-width: 300px) 100vw, 300px\" \/><\/a><figcaption class=\"wp-element-caption\">La Samaritaine\n[Paris]\n<\/figcaption><\/figure>\n\n\n\n<figure class=\"wp-block-image size-medium\"><a href=\"https:\/\/www.reichelfotografie.de\/en\/wp-content\/uploads\/sites\/3\/IMG_3604_final_04-Kopie.jpg\"><img loading=\"lazy\" decoding=\"async\" width=\"249\" height=\"300\" data-id=\"179\" src=\"https:\/\/www.reichelfotografie.de\/en\/wp-content\/uploads\/sites\/3\/IMG_3604_final_04-Kopie-249x300.jpg\" alt=\"Hotel nhow (the ONE) Frankfurt on the Main J\u00fcrgen Reichel Architectural Photography Architecture Photographer J\u00fcrgen Reichel\" class=\"wp-image-179\" srcset=\"https:\/\/www.reichelfotografie.de\/en\/wp-content\/uploads\/sites\/3\/IMG_3604_final_04-Kopie-249x300.jpg 249w, https:\/\/www.reichelfotografie.de\/en\/wp-content\/uploads\/sites\/3\/IMG_3604_final_04-Kopie-1493x1800.jpg 1493w, https:\/\/www.reichelfotografie.de\/en\/wp-content\/uploads\/sites\/3\/IMG_3604_final_04-Kopie-768x926.jpg 768w, https:\/\/www.reichelfotografie.de\/en\/wp-content\/uploads\/sites\/3\/IMG_3604_final_04-Kopie-1274x1536.jpg 1274w, https:\/\/www.reichelfotografie.de\/en\/wp-content\/uploads\/sites\/3\/IMG_3604_final_04-Kopie.jpg 1592w\" sizes=\"auto, (max-width: 249px) 100vw, 249px\" \/><\/a><figcaption class=\"wp-element-caption\">Hotel nhow (the ONE)\n[Frankfurt]\n<\/figcaption><\/figure>\n\n\n\n<figure class=\"wp-block-image size-large wide\"><a href=\"https:\/\/www.reichelfotografie.de\/en\/wp-content\/uploads\/sites\/3\/Paris_Bourse_de_Commerce.jpg\"><img loading=\"lazy\" decoding=\"async\" width=\"1800\" height=\"1226\" data-id=\"141\" src=\"https:\/\/www.reichelfotografie.de\/en\/wp-content\/uploads\/sites\/3\/Paris_Bourse_de_Commerce-1800x1226.jpg\" alt=\"Bourse de Commerce Paris J\u00fcrgen Reichel Architectural Photography Architecture Photographer J\u00fcrgen Reichel\" class=\"wp-image-141\" srcset=\"https:\/\/www.reichelfotografie.de\/en\/wp-content\/uploads\/sites\/3\/Paris_Bourse_de_Commerce-1800x1226.jpg 1800w, https:\/\/www.reichelfotografie.de\/en\/wp-content\/uploads\/sites\/3\/Paris_Bourse_de_Commerce-300x204.jpg 300w, https:\/\/www.reichelfotografie.de\/en\/wp-content\/uploads\/sites\/3\/Paris_Bourse_de_Commerce-768x523.jpg 768w, https:\/\/www.reichelfotografie.de\/en\/wp-content\/uploads\/sites\/3\/Paris_Bourse_de_Commerce-1536x1046.jpg 1536w, https:\/\/www.reichelfotografie.de\/en\/wp-content\/uploads\/sites\/3\/Paris_Bourse_de_Commerce.jpg 1920w\" sizes=\"auto, (max-width: 1800px) 100vw, 1800px\" \/><\/a><figcaption class=\"wp-element-caption\">Bourse de Commerce\n[Paris]\n<\/figcaption><\/figure>\n\n\n\n<figure class=\"wp-block-image size-medium\"><a href=\"https:\/\/www.reichelfotografie.de\/en\/wp-content\/uploads\/sites\/3\/38_DZ-Bank-Tower_Westendstrase_1_Frankfurt.jpg\"><img loading=\"lazy\" decoding=\"async\" width=\"300\" height=\"200\" data-id=\"65\" src=\"https:\/\/www.reichelfotografie.de\/en\/wp-content\/uploads\/sites\/3\/38_DZ-Bank-Tower_Westendstrase_1_Frankfurt-300x200.jpg\" alt=\"DZ-Bank-Tower Westendstra\u00dfe 1 Frankfurt on the Main J\u00fcrgen Reichel Architectural Photography Architecture Photographer J\u00fcrgen Reichel\" class=\"wp-image-65\" srcset=\"https:\/\/www.reichelfotografie.de\/en\/wp-content\/uploads\/sites\/3\/38_DZ-Bank-Tower_Westendstrase_1_Frankfurt-300x200.jpg 300w, https:\/\/www.reichelfotografie.de\/en\/wp-content\/uploads\/sites\/3\/38_DZ-Bank-Tower_Westendstrase_1_Frankfurt-1800x1200.jpg 1800w, https:\/\/www.reichelfotografie.de\/en\/wp-content\/uploads\/sites\/3\/38_DZ-Bank-Tower_Westendstrase_1_Frankfurt-768x512.jpg 768w, https:\/\/www.reichelfotografie.de\/en\/wp-content\/uploads\/sites\/3\/38_DZ-Bank-Tower_Westendstrase_1_Frankfurt-1536x1024.jpg 1536w, https:\/\/www.reichelfotografie.de\/en\/wp-content\/uploads\/sites\/3\/38_DZ-Bank-Tower_Westendstrase_1_Frankfurt.jpg 1920w\" sizes=\"auto, (max-width: 300px) 100vw, 300px\" \/><\/a><figcaption class=\"wp-element-caption\">DZ-Bank-Tower \/ Westendstra\u00dfe 1\n[Frankfurt]\n<\/figcaption><\/figure>\n<\/figure>\n\n\n\n<div style=\"height:50px\" aria-hidden=\"true\" class=\"wp-block-spacer\"><\/div>\n\n\n\n<h1 class=\"wp-block-heading\">J\u00fcrgen Reichel<br>Architectural photography &amp; photo courses <\/h1>\n\n\n\n<div style=\"height:20px\" aria-hidden=\"true\" class=\"wp-block-spacer\"><\/div>\n\n\n\n<div class=\"wp-block-columns is-layout-flex wp-container-core-columns-is-layout-9d6595d7 wp-block-columns-is-layout-flex\">\n<div class=\"wp-block-column is-layout-flow wp-block-column-is-layout-flow\">\n<figure class=\"wp-block-image size-large\"><img loading=\"lazy\" decoding=\"async\" width=\"1800\" height=\"1200\" src=\"https:\/\/www.reichelfotografie.de\/en\/wp-content\/uploads\/sites\/3\/La_Defense_LE-1800x1200.jpg\" alt=\"\" class=\"wp-image-133\" srcset=\"https:\/\/www.reichelfotografie.de\/en\/wp-content\/uploads\/sites\/3\/La_Defense_LE-1800x1200.jpg 1800w, https:\/\/www.reichelfotografie.de\/en\/wp-content\/uploads\/sites\/3\/La_Defense_LE-300x200.jpg 300w, https:\/\/www.reichelfotografie.de\/en\/wp-content\/uploads\/sites\/3\/La_Defense_LE-768x512.jpg 768w, https:\/\/www.reichelfotografie.de\/en\/wp-content\/uploads\/sites\/3\/La_Defense_LE-1536x1024.jpg 1536w, https:\/\/www.reichelfotografie.de\/en\/wp-content\/uploads\/sites\/3\/La_Defense_LE.jpg 1920w\" sizes=\"auto, (max-width: 1800px) 100vw, 1800px\" \/><figcaption class=\"wp-element-caption\">Long Exposure\n[Paris | La Defense]<\/figcaption><\/figure>\n<\/div>\n\n\n\n<div class=\"wp-block-column is-layout-flow wp-block-column-is-layout-flow\">\n<p><strong>Good photographers can tell stories just as well as writers. And they can share their knowledge.<\/strong><\/p>\n\n\n\n<p>The possibility of creating feelings and moods through an image alone has always fascinated me. Moments are so fleeting and yet they can be captured in a wonderful play of light and shadow. <\/p>\n\n\n\n<p>It took me a while to realize that the camera is a means of expression for me, a tool capable of creating its own language &#8211; a visual language. Photography is also a craft. I can learn it and pass on my experience.<\/p>\n\n\n\n<p>For many years, I have been particularly enthusiastic about architectural photography. But it is just as much fun for me to pass on my knowledge about photography to interested people. That&#8217;s why I offer online courses and photography workshops in Frankfurt!<\/p>\n<\/div>\n<\/div>\n\n\n\n<p>Are you interested in a photography course?<br><a href=\"https:\/\/www.reichelfotografie.de\/de\/workshops\/\">All workshops are here<\/a>!<\/p>\n\n\n\n<div style=\"height:60px\" aria-hidden=\"true\" class=\"wp-block-spacer\"><\/div>\n\n\n\n<h2 class=\"wp-block-heading\">This is what you learn in a photo workshop<\/h2>\n\n\n\n<p>Do you want to discover your creativity and refine your photographic skills? Then you are exactly right in my workshop!<br><\/p>\n\n\n\n<p><\/p>\n\n\n\n<div class=\"wp-block-columns is-layout-flex wp-container-core-columns-is-layout-9d6595d7 wp-block-columns-is-layout-flex\">\n<div class=\"wp-block-column is-layout-flow wp-block-column-is-layout-flow\">\n<p><\/p>\n\n\n\n<p><strong>A workshop will guide you through the following topics::<\/strong><\/p>\n\n\n\n<p><\/p>\n\n\n\n<ul class=\"wp-block-list\">\n<li>Camera technique, use of filters,<\/li>\n\n\n\n<li>composition techniques and image design,<\/li>\n\n\n\n<li>Light as a central design element,<\/li>\n\n\n\n<li>photographing with a tripod and handheld,<\/li>\n\n\n\n<li>finding your own photographic niche,<\/li>\n\n\n\n<li>Finding your own style,<\/li>\n\n\n\n<li>Effect of your work,<\/li>\n\n\n\n<li>Narration and storytelling,<\/li>\n\n\n\n<li>Social media strategies.<\/li>\n<\/ul>\n<\/div>\n\n\n\n<div class=\"wp-block-column is-layout-flow wp-block-column-is-layout-flow\">\n<figure class=\"wp-block-image size-large\"><img decoding=\"async\" src=\"https:\/\/www.reichelfotografie.de\/de\/wp-content\/uploads\/sites\/2\/LD_Place_Ronde-1800x1200.jpg\" alt=\"\" class=\"wp-image-296\" \/><figcaption class=\"wp-element-caption\">Place Ronde\n[Paris | La Defense]<\/figcaption><\/figure>\n<\/div>\n<\/div>\n\n\n\n<p>Whether you&#8217;re an experienced newcomer looking to expand your portfolio or a beginner just getting started with photography, check out my workshops, they&#8217;re tailored to your needs.<\/p>\n\n\n\n<p>Looking for inspiration? Then check out my portfolio or visit me on Instagram.<br>If you have any questions, just contact me!<\/p>\n\n\n\n<div class=\"wp-block-buttons is-layout-flex wp-block-buttons-is-layout-flex\">\n<div class=\"wp-block-button\"><a class=\"wp-block-button__link wp-element-button\" href=\"https:\/\/www.reichelfotografie.de\/en\/contact\/\">Yes, I have a question!<\/a><\/div>\n<\/div>\n\n\n\n<p><\/p>\n","protected":false},"excerpt":{"rendered":"<p>J\u00fcrgen ReichelArchitectural photography &amp; photo courses Good photographers can tell stories just as well as writers. And they can share their knowledge. The possibility of creating feelings and moods through<span>&#8230;<\/span><a class=\"moretag\" href=\"https:\/\/www.reichelfotografie.de\/en\/\"><span class=\"deutsch\">\u00bb Weiterlesen<\/span><span class=\"english\">\u00bb Read more<\/span><\/a><\/p>\n","protected":false},"author":1,"featured_media":0,"parent":0,"menu_order":1,"comment_status":"closed","ping_status":"closed","template":"","meta":{"footnotes":""},"class_list":["post-4","page","type-page","status-publish","hentry"],"_links":{"self":[{"href":"https:\/\/www.reichelfotografie.de\/en\/wp-json\/wp\/v2\/pages\/4","targetHints":{"allow":["GET"]}}],"collection":[{"href":"https:\/\/www.reichelfotografie.de\/en\/wp-json\/wp\/v2\/pages"}],"about":[{"href":"https:\/\/www.reichelfotografie.de\/en\/wp-json\/wp\/v2\/types\/page"}],"author":[{"embeddable":true,"href":"https:\/\/www.reichelfotografie.de\/en\/wp-json\/wp\/v2\/users\/1"}],"replies":[{"embeddable":true,"href":"https:\/\/www.reichelfotografie.de\/en\/wp-json\/wp\/v2\/comments?post=4"}],"version-history":[{"count":63,"href":"https:\/\/www.reichelfotografie.de\/en\/wp-json\/wp\/v2\/pages\/4\/revisions"}],"predecessor-version":[{"id":277,"href":"https:\/\/www.reichelfotografie.de\/en\/wp-json\/wp\/v2\/pages\/4\/revisions\/277"}],"wp:attachment":[{"href":"https:\/\/www.reichelfotografie.de\/en\/wp-json\/wp\/v2\/media?parent=4"}],"curies":[{"name":"wp","href":"https:\/\/api.w.org\/{rel}","templated":true}]}}