{"id":9,"date":"2023-01-30T16:05:38","date_gmt":"2023-01-30T15:05:38","guid":{"rendered":"https:\/\/dev.reichelfoto.de\/?page_id=5"},"modified":"2024-09-25T12:38:25","modified_gmt":"2024-09-25T10:38:25","slug":"home","status":"publish","type":"page","link":"https:\/\/www.reichelfotografie.de\/de\/","title":{"rendered":"Home"},"content":{"rendered":"\n<figure class=\"wp-block-gallery has-nested-images columns-default is-cropped masonry wp-block-gallery-1 is-layout-flex wp-block-gallery-is-layout-flex\">\n<figure class=\"wp-block-image size-large square is-style-default\"><a href=\"https:\/\/www.reichelfotografie.de\/de\/wp-content\/uploads\/sites\/2\/11_Japan_Tower_Frankfurt.jpg\"><img loading=\"lazy\" decoding=\"async\" width=\"1520\" height=\"1800\" data-id=\"129\" src=\"https:\/\/www.reichelfotografie.de\/de\/wp-content\/uploads\/sites\/2\/11_Japan_Tower_Frankfurt-1520x1800.jpg\" alt=\"Japan Tower Frankfurt am Main J\u00fcrgen Reichel Architekturfotografie Architekturfotograf J\u00fcrgen Reichel\" class=\"wp-image-129\" srcset=\"https:\/\/www.reichelfotografie.de\/de\/wp-content\/uploads\/sites\/2\/11_Japan_Tower_Frankfurt-1520x1800.jpg 1520w, https:\/\/www.reichelfotografie.de\/de\/wp-content\/uploads\/sites\/2\/11_Japan_Tower_Frankfurt-253x300.jpg 253w, https:\/\/www.reichelfotografie.de\/de\/wp-content\/uploads\/sites\/2\/11_Japan_Tower_Frankfurt-768x910.jpg 768w, https:\/\/www.reichelfotografie.de\/de\/wp-content\/uploads\/sites\/2\/11_Japan_Tower_Frankfurt-1297x1536.jpg 1297w, https:\/\/www.reichelfotografie.de\/de\/wp-content\/uploads\/sites\/2\/11_Japan_Tower_Frankfurt.jpg 1621w\" sizes=\"auto, (max-width: 1520px) 100vw, 1520px\" \/><\/a><figcaption class=\"wp-element-caption\">Japan Tower \n[Frankfurt]<\/figcaption><\/figure>\n\n\n\n<figure class=\"wp-block-image size-medium\"><a href=\"https:\/\/www.reichelfotografie.de\/de\/wp-content\/uploads\/sites\/2\/13_Omniturm_Frankfurt.jpg\"><img loading=\"lazy\" decoding=\"async\" width=\"300\" height=\"200\" data-id=\"31\" src=\"https:\/\/www.reichelfotografie.de\/de\/wp-content\/uploads\/sites\/2\/13_Omniturm_Frankfurt-300x200.jpg\" alt=\"Omniturm Frankfurt am Main J\u00fcrgen Reichel Architekturfotografie Architekturfotograf J\u00fcrgen Reichel\" class=\"wp-image-31\" srcset=\"https:\/\/www.reichelfotografie.de\/de\/wp-content\/uploads\/sites\/2\/13_Omniturm_Frankfurt-300x200.jpg 300w, https:\/\/www.reichelfotografie.de\/de\/wp-content\/uploads\/sites\/2\/13_Omniturm_Frankfurt-1800x1200.jpg 1800w, https:\/\/www.reichelfotografie.de\/de\/wp-content\/uploads\/sites\/2\/13_Omniturm_Frankfurt-768x512.jpg 768w, https:\/\/www.reichelfotografie.de\/de\/wp-content\/uploads\/sites\/2\/13_Omniturm_Frankfurt-1536x1024.jpg 1536w, https:\/\/www.reichelfotografie.de\/de\/wp-content\/uploads\/sites\/2\/13_Omniturm_Frankfurt.jpg 1920w\" sizes=\"auto, (max-width: 300px) 100vw, 300px\" \/><\/a><figcaption class=\"wp-element-caption\">Omniturm\n[Frankfurt]\n\n<\/figcaption><\/figure>\n\n\n\n<figure class=\"wp-block-image size-medium\"><a href=\"https:\/\/www.reichelfotografie.de\/de\/wp-content\/uploads\/sites\/2\/MG_4682_final_05_Web.jpg\"><img loading=\"lazy\" decoding=\"async\" width=\"300\" height=\"278\" data-id=\"311\" src=\"https:\/\/www.reichelfotografie.de\/de\/wp-content\/uploads\/sites\/2\/MG_4682_final_05_Web-300x278.jpg\" alt=\"Skyline Plaza Frankfurt am Main J\u00fcrgen Reichel Architekturfotografie Architekturfotograf J\u00fcrgen Reichel\" class=\"wp-image-311\" srcset=\"https:\/\/www.reichelfotografie.de\/de\/wp-content\/uploads\/sites\/2\/MG_4682_final_05_Web-300x278.jpg 300w, https:\/\/www.reichelfotografie.de\/de\/wp-content\/uploads\/sites\/2\/MG_4682_final_05_Web-1800x1667.jpg 1800w, https:\/\/www.reichelfotografie.de\/de\/wp-content\/uploads\/sites\/2\/MG_4682_final_05_Web-768x711.jpg 768w, https:\/\/www.reichelfotografie.de\/de\/wp-content\/uploads\/sites\/2\/MG_4682_final_05_Web-1536x1422.jpg 1536w, https:\/\/www.reichelfotografie.de\/de\/wp-content\/uploads\/sites\/2\/MG_4682_final_05_Web.jpg 1920w\" sizes=\"auto, (max-width: 300px) 100vw, 300px\" \/><\/a><figcaption class=\"wp-element-caption\">Skyline Plaza\n[Frankfurt]\n<\/figcaption><\/figure>\n\n\n\n<figure class=\"wp-block-image size-large wide\"><a href=\"https:\/\/www.reichelfotografie.de\/de\/wp-content\/uploads\/sites\/2\/Lyon_Musee_de_Confluence.jpg\"><img loading=\"lazy\" decoding=\"async\" width=\"1800\" height=\"1200\" data-id=\"297\" src=\"https:\/\/www.reichelfotografie.de\/de\/wp-content\/uploads\/sites\/2\/Lyon_Musee_de_Confluence-1800x1200.jpg\" alt=\"Mus\u00e9e de Confluences Lyon J\u00fcrgen Reichel Architekturfotografie Architekturfotograf J\u00fcrgen Reichel\" class=\"wp-image-297\" srcset=\"https:\/\/www.reichelfotografie.de\/de\/wp-content\/uploads\/sites\/2\/Lyon_Musee_de_Confluence-1800x1200.jpg 1800w, https:\/\/www.reichelfotografie.de\/de\/wp-content\/uploads\/sites\/2\/Lyon_Musee_de_Confluence-300x200.jpg 300w, https:\/\/www.reichelfotografie.de\/de\/wp-content\/uploads\/sites\/2\/Lyon_Musee_de_Confluence-768x512.jpg 768w, https:\/\/www.reichelfotografie.de\/de\/wp-content\/uploads\/sites\/2\/Lyon_Musee_de_Confluence-1536x1024.jpg 1536w, https:\/\/www.reichelfotografie.de\/de\/wp-content\/uploads\/sites\/2\/Lyon_Musee_de_Confluence.jpg 1920w\" sizes=\"auto, (max-width: 1800px) 100vw, 1800px\" \/><\/a><figcaption class=\"wp-element-caption\">Mus\u00e9e de Confluences\n[Lyon]\n<\/figcaption><\/figure>\n\n\n\n<figure class=\"wp-block-image size-medium\"><a href=\"https:\/\/www.reichelfotografie.de\/de\/wp-content\/uploads\/sites\/2\/IMG_3323_final_01-Kopie.jpg\"><img loading=\"lazy\" decoding=\"async\" width=\"300\" height=\"200\" data-id=\"347\" src=\"https:\/\/www.reichelfotografie.de\/de\/wp-content\/uploads\/sites\/2\/IMG_3323_final_01-Kopie-300x200.jpg\" alt=\"Skyline Frankfurt am Main J\u00fcrgen Reichel Architekturfotografie Architekturfotograf J\u00fcrgen Reichel\" class=\"wp-image-347\" srcset=\"https:\/\/www.reichelfotografie.de\/de\/wp-content\/uploads\/sites\/2\/IMG_3323_final_01-Kopie-300x200.jpg 300w, https:\/\/www.reichelfotografie.de\/de\/wp-content\/uploads\/sites\/2\/IMG_3323_final_01-Kopie-1800x1200.jpg 1800w, https:\/\/www.reichelfotografie.de\/de\/wp-content\/uploads\/sites\/2\/IMG_3323_final_01-Kopie-768x512.jpg 768w, https:\/\/www.reichelfotografie.de\/de\/wp-content\/uploads\/sites\/2\/IMG_3323_final_01-Kopie-1536x1024.jpg 1536w, https:\/\/www.reichelfotografie.de\/de\/wp-content\/uploads\/sites\/2\/IMG_3323_final_01-Kopie.jpg 1920w\" sizes=\"auto, (max-width: 300px) 100vw, 300px\" \/><\/a><figcaption class=\"wp-element-caption\">Langzeitbelichtung Skyline\n[Frankfurt]<\/figcaption><\/figure>\n\n\n\n<figure class=\"wp-block-image size-medium\"><a href=\"https:\/\/www.reichelfotografie.de\/de\/wp-content\/uploads\/sites\/2\/Paris_La_Samaritaine.jpg\"><img loading=\"lazy\" decoding=\"async\" width=\"300\" height=\"300\" data-id=\"299\" src=\"https:\/\/www.reichelfotografie.de\/de\/wp-content\/uploads\/sites\/2\/Paris_La_Samaritaine-300x300.jpg\" alt=\"La Samaritaine Paris J\u00fcrgen Reichel Architekturfotografie Architekturfotograf J\u00fcrgen Reichel\" class=\"wp-image-299\" srcset=\"https:\/\/www.reichelfotografie.de\/de\/wp-content\/uploads\/sites\/2\/Paris_La_Samaritaine-300x300.jpg 300w, https:\/\/www.reichelfotografie.de\/de\/wp-content\/uploads\/sites\/2\/Paris_La_Samaritaine-150x150.jpg 150w, https:\/\/www.reichelfotografie.de\/de\/wp-content\/uploads\/sites\/2\/Paris_La_Samaritaine-768x768.jpg 768w, https:\/\/www.reichelfotografie.de\/de\/wp-content\/uploads\/sites\/2\/Paris_La_Samaritaine.jpg 1280w\" sizes=\"auto, (max-width: 300px) 100vw, 300px\" \/><\/a><figcaption class=\"wp-element-caption\">La Samaritaine\n[Paris]\n<\/figcaption><\/figure>\n\n\n\n<figure class=\"wp-block-image size-large square\"><a href=\"https:\/\/www.reichelfotografie.de\/de\/wp-content\/uploads\/sites\/2\/LD_Grand_Arche_Looup_01.jpg\"><img loading=\"lazy\" decoding=\"async\" width=\"1800\" height=\"1200\" data-id=\"293\" src=\"https:\/\/www.reichelfotografie.de\/de\/wp-content\/uploads\/sites\/2\/LD_Grand_Arche_Looup_01-1800x1200.jpg\" alt=\"Grand Arche Paris La Defense J\u00fcrgen Reichel Architekturfotografie Architekturfotograf J\u00fcrgen Reichel\" class=\"wp-image-293\" srcset=\"https:\/\/www.reichelfotografie.de\/de\/wp-content\/uploads\/sites\/2\/LD_Grand_Arche_Looup_01-1800x1200.jpg 1800w, https:\/\/www.reichelfotografie.de\/de\/wp-content\/uploads\/sites\/2\/LD_Grand_Arche_Looup_01-300x200.jpg 300w, https:\/\/www.reichelfotografie.de\/de\/wp-content\/uploads\/sites\/2\/LD_Grand_Arche_Looup_01-768x512.jpg 768w, https:\/\/www.reichelfotografie.de\/de\/wp-content\/uploads\/sites\/2\/LD_Grand_Arche_Looup_01-1536x1024.jpg 1536w, https:\/\/www.reichelfotografie.de\/de\/wp-content\/uploads\/sites\/2\/LD_Grand_Arche_Looup_01.jpg 1920w\" sizes=\"auto, (max-width: 1800px) 100vw, 1800px\" \/><\/a><figcaption class=\"wp-element-caption\">Grande Arche\n[Paris | La Defense]<\/figcaption><\/figure>\n\n\n\n<figure class=\"wp-block-image size-medium\"><a href=\"https:\/\/www.reichelfotografie.de\/de\/wp-content\/uploads\/sites\/2\/IMG_3604_final_04-Kopie.jpg\"><img loading=\"lazy\" decoding=\"async\" width=\"249\" height=\"300\" data-id=\"346\" src=\"https:\/\/www.reichelfotografie.de\/de\/wp-content\/uploads\/sites\/2\/IMG_3604_final_04-Kopie-249x300.jpg\" alt=\"Hotel Show (the ONE) Frankfurt am Main J\u00fcrgen Reichel Architekturfotografie Architekturfotograf J\u00fcrgen Reichel\" class=\"wp-image-346\" srcset=\"https:\/\/www.reichelfotografie.de\/de\/wp-content\/uploads\/sites\/2\/IMG_3604_final_04-Kopie-249x300.jpg 249w, https:\/\/www.reichelfotografie.de\/de\/wp-content\/uploads\/sites\/2\/IMG_3604_final_04-Kopie-1493x1800.jpg 1493w, https:\/\/www.reichelfotografie.de\/de\/wp-content\/uploads\/sites\/2\/IMG_3604_final_04-Kopie-768x926.jpg 768w, https:\/\/www.reichelfotografie.de\/de\/wp-content\/uploads\/sites\/2\/IMG_3604_final_04-Kopie-1274x1536.jpg 1274w, https:\/\/www.reichelfotografie.de\/de\/wp-content\/uploads\/sites\/2\/IMG_3604_final_04-Kopie.jpg 1592w\" sizes=\"auto, (max-width: 249px) 100vw, 249px\" \/><\/a><figcaption class=\"wp-element-caption\">Hotel nhow (the ONE)\n[Frankfurt]\n<\/figcaption><\/figure>\n\n\n\n<figure class=\"wp-block-image size-medium wide\"><a href=\"https:\/\/www.reichelfotografie.de\/de\/wp-content\/uploads\/sites\/2\/Paris_Bourse_de_Commerce.jpg\"><img loading=\"lazy\" decoding=\"async\" width=\"300\" height=\"204\" data-id=\"298\" src=\"https:\/\/www.reichelfotografie.de\/de\/wp-content\/uploads\/sites\/2\/Paris_Bourse_de_Commerce-300x204.jpg\" alt=\"Bourse de Commerce Paris J\u00fcrgen Reichel Architekturfotografie Architekturfotograf J\u00fcrgen Reichel\" class=\"wp-image-298\" srcset=\"https:\/\/www.reichelfotografie.de\/de\/wp-content\/uploads\/sites\/2\/Paris_Bourse_de_Commerce-300x204.jpg 300w, https:\/\/www.reichelfotografie.de\/de\/wp-content\/uploads\/sites\/2\/Paris_Bourse_de_Commerce-1800x1226.jpg 1800w, https:\/\/www.reichelfotografie.de\/de\/wp-content\/uploads\/sites\/2\/Paris_Bourse_de_Commerce-768x523.jpg 768w, https:\/\/www.reichelfotografie.de\/de\/wp-content\/uploads\/sites\/2\/Paris_Bourse_de_Commerce-1536x1046.jpg 1536w, https:\/\/www.reichelfotografie.de\/de\/wp-content\/uploads\/sites\/2\/Paris_Bourse_de_Commerce.jpg 1920w\" sizes=\"auto, (max-width: 300px) 100vw, 300px\" \/><\/a><figcaption class=\"wp-element-caption\">Bourse de Commerce\n[Paris]\n<\/figcaption><\/figure>\n\n\n\n<figure class=\"wp-block-image size-medium\"><a href=\"https:\/\/www.reichelfotografie.de\/de\/wp-content\/uploads\/sites\/2\/38_DZ-Bank-Tower_Westendstrasse_1_Frankfurt-1.jpg\"><img loading=\"lazy\" decoding=\"async\" width=\"300\" height=\"200\" data-id=\"105\" src=\"https:\/\/www.reichelfotografie.de\/de\/wp-content\/uploads\/sites\/2\/38_DZ-Bank-Tower_Westendstrasse_1_Frankfurt-1-300x200.jpg\" alt=\"DZ-Bank-Tower Westendstra\u00dfe 1 Frankfurt am Main J\u00fcrgen Reichel Architekturfotografie Architekturfotograf J\u00fcrgen Reichel\" class=\"wp-image-105\" srcset=\"https:\/\/www.reichelfotografie.de\/de\/wp-content\/uploads\/sites\/2\/38_DZ-Bank-Tower_Westendstrasse_1_Frankfurt-1-300x200.jpg 300w, https:\/\/www.reichelfotografie.de\/de\/wp-content\/uploads\/sites\/2\/38_DZ-Bank-Tower_Westendstrasse_1_Frankfurt-1-1800x1200.jpg 1800w, https:\/\/www.reichelfotografie.de\/de\/wp-content\/uploads\/sites\/2\/38_DZ-Bank-Tower_Westendstrasse_1_Frankfurt-1-768x512.jpg 768w, https:\/\/www.reichelfotografie.de\/de\/wp-content\/uploads\/sites\/2\/38_DZ-Bank-Tower_Westendstrasse_1_Frankfurt-1-1536x1024.jpg 1536w, https:\/\/www.reichelfotografie.de\/de\/wp-content\/uploads\/sites\/2\/38_DZ-Bank-Tower_Westendstrasse_1_Frankfurt-1.jpg 1920w\" sizes=\"auto, (max-width: 300px) 100vw, 300px\" \/><\/a><figcaption class=\"wp-element-caption\">DZ-Bank-Tower \/ Westendstra\u00dfe 1\n[Frankfurt]\n<\/figcaption><\/figure>\n<\/figure>\n\n\n\n<div style=\"height:50px\" aria-hidden=\"true\" class=\"wp-block-spacer\"><\/div>\n\n\n\n<h1 class=\"has-text-align-left wp-block-heading\">J\u00fcrgen Reichel<br>Architekturfotografie &amp; Fotokurse<\/h1>\n\n\n\n<div style=\"height:20px\" aria-hidden=\"true\" class=\"wp-block-spacer\"><\/div>\n\n\n\n<div class=\"wp-block-columns is-layout-flex wp-container-core-columns-is-layout-9d6595d7 wp-block-columns-is-layout-flex\">\n<div class=\"wp-block-column is-layout-flow wp-block-column-is-layout-flow\">\n<figure class=\"wp-block-image size-large\"><img loading=\"lazy\" decoding=\"async\" width=\"1800\" height=\"1200\" src=\"https:\/\/www.reichelfotografie.de\/de\/wp-content\/uploads\/sites\/2\/DUS_Vodafone-1800x1200.jpg\" alt=\"\" class=\"wp-image-287\" srcset=\"https:\/\/www.reichelfotografie.de\/de\/wp-content\/uploads\/sites\/2\/DUS_Vodafone-1800x1200.jpg 1800w, https:\/\/www.reichelfotografie.de\/de\/wp-content\/uploads\/sites\/2\/DUS_Vodafone-300x200.jpg 300w, https:\/\/www.reichelfotografie.de\/de\/wp-content\/uploads\/sites\/2\/DUS_Vodafone-768x512.jpg 768w, https:\/\/www.reichelfotografie.de\/de\/wp-content\/uploads\/sites\/2\/DUS_Vodafone-1536x1024.jpg 1536w, https:\/\/www.reichelfotografie.de\/de\/wp-content\/uploads\/sites\/2\/DUS_Vodafone.jpg 1920w\" sizes=\"auto, (max-width: 1800px) 100vw, 1800px\" \/><figcaption class=\"wp-element-caption\">Vodafone Tower\n[D\u00fcsseldorf]\n<\/figcaption><\/figure>\n<\/div>\n\n\n\n<div class=\"wp-block-column is-layout-flow wp-block-column-is-layout-flow\">\n<p><strong>Gute Fotografen k\u00f6nnen genauso gut Geschichten erz\u00e4hlen wie Schriftsteller. Und sie k\u00f6nnen ihr Wissen teilen.<\/strong><\/p>\n\n\n\n<p>Die M\u00f6glichkeit, Gef\u00fchle und Stimmungen allein durch ein Bild zu erzeugen, hat mich schon immer fasziniert. Momente sind so fl\u00fcchtig und doch lassen sie sich in einem wunderbaren Spiel von Licht und Schatten festhalten. <\/p>\n\n\n\n<p>Es hat eine Weile gedauert, bis ich begriffen habe, dass die Kamera f\u00fcr mich ein Ausdrucksmittel ist, ein Werkzeug, das in der Lage ist, <strong>eine eigene Sprache zu schaffen &#8211; eine Bildsprache<\/strong>. <a href=\"https:\/\/www.reichelfotografie.de\/de\/portfolio\/\" data-type=\"page\" data-id=\"11\">Schaut gerne in meinem Portfolio vorbei!<\/a><\/p>\n\n\n\n<p>Fotografie ist auch ein Handwerk. Ich kann es erlernen und meine Erfahrung weitergeben.<br><\/p>\n<\/div>\n<\/div>\n\n\n\n<p>Seit vielen Jahren begeistert mich vor allem die Architekturfotografie. Es macht mir aber genauso viel Spa\u00df, mein Wissen \u00fcber Fotografie an Interessierte weiterzugeben. Aus diesem Grund biete ich Online-Kurse und Fotografie-Workshops<a href=\"https:\/\/www.reichelfotografie.de\/de\/workshops\/\"> <\/a>in Frankfurt an!<\/p>\n\n\n\n<p>Hast Du ihr Interesse an einem Fotokurs? <br><a href=\"https:\/\/www.reichelfotografie.de\/de\/workshops\/\">Hier geht&#8217;s zu allen Workshops<\/a>!<\/p>\n\n\n\n<div style=\"height:60px\" aria-hidden=\"true\" class=\"wp-block-spacer\"><\/div>\n\n\n\n<h2 class=\"wp-block-heading\">Das lernst Du in einem Fotoworkshop<\/h2>\n\n\n\n<p>M\u00f6chtest Du Deine Kreativit\u00e4t entdecken und Deine fotografischen F\u00e4higkeiten verfeinern? Dann bist Du in meinem Workshop genau richtig. <br><\/p>\n\n\n\n<p><\/p>\n\n\n\n<div class=\"wp-block-columns is-layout-flex wp-container-core-columns-is-layout-9d6595d7 wp-block-columns-is-layout-flex\">\n<div class=\"wp-block-column is-layout-flow wp-block-column-is-layout-flow\">\n<p><\/p>\n\n\n\n<p><strong>Ein Workshop f\u00fchrt Dich durch folgende Themen:<\/strong><\/p>\n\n\n\n<p><\/p>\n\n\n\n<ul class=\"wp-block-list\">\n<li>Kameratechnik, Einsatz von Filtern,<\/li>\n\n\n\n<li>Kompositionstechniken und Bildgestaltung,<\/li>\n\n\n\n<li>Licht als zentrales Gestaltungselement,<\/li>\n\n\n\n<li>Fotografieren mit Stativ und aus der Hand,<\/li>\n\n\n\n<li>die eigene fotografische Nische finden,<\/li>\n\n\n\n<li>Deinen eigenen Stil finden,<\/li>\n\n\n\n<li>Wirkung Deiner Arbeit,<\/li>\n\n\n\n<li>Erz\u00e4hlen und Storytelling,<\/li>\n\n\n\n<li>Social Media Strategien.<\/li>\n<\/ul>\n<\/div>\n\n\n\n<div class=\"wp-block-column is-layout-flow wp-block-column-is-layout-flow\"><\/div>\n<\/div>\n\n\n\n<p>Ob du ein erfahrener Newcomer bist, der sein Portfolio erweitern m\u00f6chte, oder ein Anf\u00e4nger, der gerade erst mit der Fotografie angefangen hat, <a href=\"https:\/\/www.reichelfotografie.de\/de\/workshops\/\" data-type=\"page\" data-id=\"17\">schau in meine Workshops<\/a>, sie sind auf Deine Bed\u00fcrfnisse zugeschnitten.<\/p>\n\n\n\n<p><\/p>\n\n\n\n<p>Inspiration gef\u00e4llig? Dann schau in <a href=\"https:\/\/www.reichelfotografie.de\/de\/portfolio\/\">mein Portfolio<\/a> oder besuche mich bei <a rel=\"noreferrer noopener\" href=\"https:\/\/www.instagram.com\/jr_ffm\/\" target=\"_blank\">Instagram<\/a>. <br>Wenn du Fragen hast, kontaktiere mich einfach!<\/p>\n\n\n\n<div class=\"wp-block-buttons is-content-justification-center is-layout-flex wp-container-core-buttons-is-layout-16018d1d wp-block-buttons-is-layout-flex\">\n<div class=\"wp-block-button\"><a class=\"wp-block-button__link wp-element-button\" href=\"https:\/\/www.reichelfotografie.de\/de\/kontakt\/\">Ja, ich habe eine Frage<\/a><\/div>\n<\/div>\n","protected":false},"excerpt":{"rendered":"<p>J\u00fcrgen ReichelArchitekturfotografie &amp; Fotokurse Gute Fotografen k\u00f6nnen genauso gut Geschichten erz\u00e4hlen wie Schriftsteller. Und sie k\u00f6nnen ihr Wissen teilen. Die M\u00f6glichkeit, Gef\u00fchle und Stimmungen allein durch ein Bild zu erzeugen,<span>&#8230;<\/span><a class=\"moretag\" href=\"https:\/\/www.reichelfotografie.de\/de\/\"><span class=\"deutsch\">\u00bb Weiterlesen<\/span><span class=\"english\">\u00bb Read more<\/span><\/a><\/p>\n","protected":false},"author":1,"featured_media":0,"parent":0,"menu_order":1,"comment_status":"closed","ping_status":"closed","template":"","meta":{"footnotes":""},"class_list":["post-9","page","type-page","status-publish","hentry"],"_links":{"self":[{"href":"https:\/\/www.reichelfotografie.de\/de\/wp-json\/wp\/v2\/pages\/9","targetHints":{"allow":["GET"]}}],"collection":[{"href":"https:\/\/www.reichelfotografie.de\/de\/wp-json\/wp\/v2\/pages"}],"about":[{"href":"https:\/\/www.reichelfotografie.de\/de\/wp-json\/wp\/v2\/types\/page"}],"author":[{"embeddable":true,"href":"https:\/\/www.reichelfotografie.de\/de\/wp-json\/wp\/v2\/users\/1"}],"replies":[{"embeddable":true,"href":"https:\/\/www.reichelfotografie.de\/de\/wp-json\/wp\/v2\/comments?post=9"}],"version-history":[{"count":125,"href":"https:\/\/www.reichelfotografie.de\/de\/wp-json\/wp\/v2\/pages\/9\/revisions"}],"predecessor-version":[{"id":479,"href":"https:\/\/www.reichelfotografie.de\/de\/wp-json\/wp\/v2\/pages\/9\/revisions\/479"}],"wp:attachment":[{"href":"https:\/\/www.reichelfotografie.de\/de\/wp-json\/wp\/v2\/media?parent=9"}],"curies":[{"name":"wp","href":"https:\/\/api.w.org\/{rel}","templated":true}]}}