{"id":15,"date":"2023-01-30T16:19:07","date_gmt":"2023-01-30T15:19:07","guid":{"rendered":"https:\/\/dev.reichelfoto.de\/ausstellungen\/"},"modified":"2024-09-25T12:38:25","modified_gmt":"2024-09-25T10:38:25","slug":"ausstellungen","status":"publish","type":"page","link":"https:\/\/www.reichelfotografie.de\/de\/ausstellungen\/","title":{"rendered":"Ausstellung"},"content":{"rendered":"\n<h5 class=\"wp-block-heading\">[ 02.09.2021 \u2013 29.09.2021 ]<\/h5>\n\n\n\n<h2 class=\"wp-block-heading\">Apfelwein Gallery<\/h2>\n\n\n\n<h3 class=\"wp-block-heading\">REFLECTIONS. Architektur. Abstrakt<\/h3>\n\n\n\n<p>Einzel Ausstellung<br>25 Fotos von Frankfurt<\/p>\n\n\n\n<p>Link: <a rel=\"noreferrer noopener\" href=\"http:\/\/www.aw-galerie.com\/\" target=\"_blank\">http:\/\/www.aw-galerie.com\/<\/a><\/p>\n\n\n\n<div style=\"height:30px\" aria-hidden=\"true\" class=\"wp-block-spacer\"><\/div>\n\n\n\n<hr class=\"wp-block-separator has-alpha-channel-opacity\" \/>\n\n\n\n<div style=\"height:30px\" aria-hidden=\"true\" class=\"wp-block-spacer\"><\/div>\n\n\n\n<h5 class=\"wp-block-heading\">[ 14.10.2019 \u2013 25.10.2019 ]<\/h5>\n\n\n\n<h2 class=\"wp-block-heading\">TIPPING POINT<\/h2>\n\n\n\n<h3 class=\"wp-block-heading\">Assembleia Legislativa do Estado de Sao Paulo<\/h3>\n\n\n\n<p>Digitale Nachbearbeitung von 4 Fotos einer rekonstruierten Stadtszene von Sao Paulo, London und Chicago von Rosa Trombetta.<\/p>\n\n\n\n<p><strong>TITEL<\/strong><br><strong>Chicago \u2013 2050<\/strong> Enter in the water level<br><strong>Sao Paulo \u2013 2055<\/strong> Welcome to the toxic air level<br><strong>London \u2013 2060<\/strong> You have reached the overground level<br><strong>Chicago \u2013 2065<\/strong> Enter the uninhabitable level<\/p>\n\n\n\n<p>Das Konzept schafft einen Zukunftsausblick auf die Situation der Welt, in der der Klimawandel bereits erste Auswirkungen auf unsere Metropolen hat, am Beispiel von London, Chicago und Sao Paulo.<\/p>\n\n\n\n<p>Die Idee f\u00fcr den Nachbearbeitungs-Look basiert auf dem Look des Sci-Fi-Films \u201eBlade Runner 2049\u201c und kreiert eine Atmosph\u00e4re der Dystopie, um die Intention einer zuk\u00fcnftigen m\u00f6glichen Klima-Situation zu unterstreichen.<\/p>\n\n\n\n<p>Link: <a href=\"https:\/\/www.al.sp.gov.br\" target=\"_blank\" rel=\"noreferrer noopener\">https:\/\/www.al.sp.gov.br<\/a><\/p>\n\n\n\n<div style=\"height:30px\" aria-hidden=\"true\" class=\"wp-block-spacer\"><\/div>\n\n\n\n<hr class=\"wp-block-separator has-alpha-channel-opacity\" \/>\n\n\n\n<div style=\"height:30px\" aria-hidden=\"true\" class=\"wp-block-spacer\"><\/div>\n\n\n\n<h5 class=\"wp-block-heading\">[ 22.10.2020 \u2013 27.10.2020 ]<\/h5>\n\n\n\n<h2 class=\"wp-block-heading\">Apfelweingalerie<\/h2>\n\n\n\n<h3 class=\"wp-block-heading\">Ausstellung Nr.1, FFM, 25 Ansichts-Sachen<\/h3>\n\n\n\n<p>2 Fotografien aus Frankfurt im Rahmen der Gemeinschaftsausstellung<br>12 Frankfurter Fotografen \u2013<a href=\"https:\/\/dev.reichelfoto.de\/workshops\/\" data-type=\"page\" data-id=\"17\"> 25 Bilder<\/a><\/p>\n","protected":false},"excerpt":{"rendered":"<p>[ 02.09.2021 \u2013 29.09.2021 ] Apfelwein Gallery REFLECTIONS. Architektur. Abstrakt Einzel Ausstellung25 Fotos von Frankfurt Link: http:\/\/www.aw-galerie.com\/ [ 14.10.2019 \u2013 25.10.2019 ] TIPPING POINT Assembleia Legislativa do Estado de Sao<span>&#8230;<\/span><a class=\"moretag\" href=\"https:\/\/www.reichelfotografie.de\/de\/ausstellungen\/\"><span class=\"deutsch\">\u00bb Weiterlesen<\/span><span class=\"english\">\u00bb Read more<\/span><\/a><\/p>\n","protected":false},"author":1,"featured_media":34,"parent":0,"menu_order":4,"comment_status":"closed","ping_status":"closed","template":"","meta":{"footnotes":""},"class_list":["post-15","page","type-page","status-publish","has-post-thumbnail","hentry"],"_links":{"self":[{"href":"https:\/\/www.reichelfotografie.de\/de\/wp-json\/wp\/v2\/pages\/15","targetHints":{"allow":["GET"]}}],"collection":[{"href":"https:\/\/www.reichelfotografie.de\/de\/wp-json\/wp\/v2\/pages"}],"about":[{"href":"https:\/\/www.reichelfotografie.de\/de\/wp-json\/wp\/v2\/types\/page"}],"author":[{"embeddable":true,"href":"https:\/\/www.reichelfotografie.de\/de\/wp-json\/wp\/v2\/users\/1"}],"replies":[{"embeddable":true,"href":"https:\/\/www.reichelfotografie.de\/de\/wp-json\/wp\/v2\/comments?post=15"}],"version-history":[{"count":2,"href":"https:\/\/www.reichelfotografie.de\/de\/wp-json\/wp\/v2\/pages\/15\/revisions"}],"predecessor-version":[{"id":421,"href":"https:\/\/www.reichelfotografie.de\/de\/wp-json\/wp\/v2\/pages\/15\/revisions\/421"}],"wp:featuredmedia":[{"embeddable":true,"href":"https:\/\/www.reichelfotografie.de\/de\/wp-json\/wp\/v2\/media\/34"}],"wp:attachment":[{"href":"https:\/\/www.reichelfotografie.de\/de\/wp-json\/wp\/v2\/media?parent=15"}],"curies":[{"name":"wp","href":"https:\/\/api.w.org\/{rel}","templated":true}]}}