{"id":13,"date":"2023-01-30T16:18:45","date_gmt":"2023-01-30T15:18:45","guid":{"rendered":"https:\/\/dev.reichelfoto.de\/biografie\/"},"modified":"2024-09-25T12:38:25","modified_gmt":"2024-09-25T10:38:25","slug":"biografie","status":"publish","type":"page","link":"https:\/\/www.reichelfotografie.de\/de\/biografie\/","title":{"rendered":"Biografie"},"content":{"rendered":"\n<p><strong>Fotografie ist f\u00fcr mich das, was f\u00fcr andere italienische Sportwagen sind: eine gro\u00dfe Leidenschaft. Meine Fotografien erz\u00e4hlen vor allem von dem einzigartigen Moment, in dem sie entstanden sind.<\/strong><\/p>\n\n\n\n<p>Meine Liebe zur Fotografie wurde durch Instagram geweckt. Die Kamerafunktion des iPhones nutzte ich eher beil\u00e4ufig und begann sie regelm\u00e4\u00dfig f\u00fcr Social Media zu nutzen, als der Hype um Instagram begann. Frankfurt am Main ist bekannt f\u00fcr seine Skyline. Deshalb habe ich mich konzeptionell f\u00fcr das Thema Architektur entschieden. Von da an postete ich Fotos von Hochh\u00e4usern, zun\u00e4chst nur mit dem iPhone. So begann mein Interesse an der Fotografie im Allgemeinen und der Architekturfotografie im Besonderen und wurde zu einem festen Bestandteil meines Lebens.<\/p>\n\n\n\n<p>Mein visuelles Handwerk habe ich in der sch\u00f6nen Welt der Werbung gelernt. \u00dcber 20 Jahre lang habe ich f\u00fcr renommierte Agenturen und deren namhafte Kunden die unterschiedlichsten Produkte und Dienstleistungen in Szene gesetzt. Daher verf\u00fcge ich \u00fcber eine langj\u00e4hrige und kontinuierliche Praxiserfahrung in der Bildgestaltung und professionellen Nachbearbeitung.<\/p>\n\n\n\n<p>Mittlerweile arbeite ich mit der Canon 6D Mark II, mit der ich sehr gute Ergebnisse erziele. Zus\u00e4tzlich benutze ich derzeit das iPhone Xs Max f\u00fcr Insta-Stories, Reels oder manchmal auch als Vorbereitung f\u00fcr das finale Shooting. Eine ausf\u00fchrliche Bildnachbearbeitung sowie die Gestaltung und Fortf\u00fchrung eines eigenen Stils sind f\u00fcr mich selbstverst\u00e4ndlich.<\/p>\n\n\n\n<p>Mich inspirieren vor allem: Kunst, Werbung, Design, Video\u00e4sthetik, Film, aber auch die Opulenz der Landschaftsfotografie. Nat\u00fcrlich schaue ich meinen Kollegen der Architekturfotografie gerne online \u00fcber die Schulter.<\/p>\n\n\n\n<p><\/p>\n\n\n\n<p><strong>M\u00f6chtest du mehr \u00fcber Fotografie und aktuelle Fotoworkshops erfahren, dann trage dich unten in den Newsletter ein!<\/strong><\/p>\n","protected":false},"excerpt":{"rendered":"<p>Fotografie ist f\u00fcr mich das, was f\u00fcr andere italienische Sportwagen sind: eine gro\u00dfe Leidenschaft. Meine Fotografien erz\u00e4hlen vor allem von dem einzigartigen Moment, in dem sie entstanden sind. Meine Liebe<span>&#8230;<\/span><a class=\"moretag\" href=\"https:\/\/www.reichelfotografie.de\/de\/biografie\/\"><span class=\"deutsch\">\u00bb Weiterlesen<\/span><span class=\"english\">\u00bb Read more<\/span><\/a><\/p>\n","protected":false},"author":1,"featured_media":291,"parent":0,"menu_order":5,"comment_status":"closed","ping_status":"closed","template":"","meta":{"footnotes":""},"class_list":["post-13","page","type-page","status-publish","has-post-thumbnail","hentry"],"_links":{"self":[{"href":"https:\/\/www.reichelfotografie.de\/de\/wp-json\/wp\/v2\/pages\/13","targetHints":{"allow":["GET"]}}],"collection":[{"href":"https:\/\/www.reichelfotografie.de\/de\/wp-json\/wp\/v2\/pages"}],"about":[{"href":"https:\/\/www.reichelfotografie.de\/de\/wp-json\/wp\/v2\/types\/page"}],"author":[{"embeddable":true,"href":"https:\/\/www.reichelfotografie.de\/de\/wp-json\/wp\/v2\/users\/1"}],"replies":[{"embeddable":true,"href":"https:\/\/www.reichelfotografie.de\/de\/wp-json\/wp\/v2\/comments?post=13"}],"version-history":[{"count":6,"href":"https:\/\/www.reichelfotografie.de\/de\/wp-json\/wp\/v2\/pages\/13\/revisions"}],"predecessor-version":[{"id":272,"href":"https:\/\/www.reichelfotografie.de\/de\/wp-json\/wp\/v2\/pages\/13\/revisions\/272"}],"wp:featuredmedia":[{"embeddable":true,"href":"https:\/\/www.reichelfotografie.de\/de\/wp-json\/wp\/v2\/media\/291"}],"wp:attachment":[{"href":"https:\/\/www.reichelfotografie.de\/de\/wp-json\/wp\/v2\/media?parent=13"}],"curies":[{"name":"wp","href":"https:\/\/api.w.org\/{rel}","templated":true}]}}